{"id":2,"date":"2025-09-22T17:05:38","date_gmt":"2025-09-22T17:05:38","guid":{"rendered":"http:\/\/indramilo.com\/?page_id=2"},"modified":"2026-02-17T01:02:00","modified_gmt":"2026-02-17T00:02:00","slug":"bois-pierre","status":"publish","type":"page","link":"https:\/\/indramilo.com\/index.php\/bois-pierre\/","title":{"rendered":"trajectoire"},"content":{"rendered":"\t\t<div data-elementor-type=\"wp-page\" data-elementor-id=\"2\" class=\"elementor elementor-2\">\n\t\t\t\t<div class=\"elementor-element elementor-element-251f2c e-flex e-con-boxed e-con e-parent\" data-id=\"251f2c\" data-element_type=\"container\" data-e-type=\"container\">\n\t\t\t\t\t<div class=\"e-con-inner\">\n\t\t<div class=\"elementor-element elementor-element-62c4db6 e-con-full e-flex e-con e-child\" data-id=\"62c4db6\" data-element_type=\"container\" data-e-type=\"container\">\n\t\t\t\t<div class=\"elementor-element elementor-element-6d910eb elementor-widget elementor-widget-video\" data-id=\"6d910eb\" data-element_type=\"widget\" data-e-type=\"widget\" data-settings=\"{&quot;video_type&quot;:&quot;vimeo&quot;}\" data-widget_type=\"video.default\">\n\t\t\t\t\t\t\t<div class=\"elementor-wrapper elementor-open-inline\">\n\t\t\t<iframe class=\"elementor-video-iframe\" allowfullscreen allow=\"clipboard-write\" title=\"Lecteur vid\u00e9o vimeo\" src=\"https:\/\/player.vimeo.com\/video\/234303738?color&amp;autopause=0&amp;loop=0&amp;muted=0&amp;title=0&amp;portrait=0&amp;byline=0#t=\"><\/iframe>\t\t<\/div>\n\t\t\t\t\t\t<\/div>\n\t\t\t\t<\/div>\n\t\t\t\t<div class=\"elementor-element elementor-element-0464855 elementor-widget elementor-widget-heading\" data-id=\"0464855\" data-element_type=\"widget\" data-e-type=\"widget\" data-widget_type=\"heading.default\">\n\t\t\t\t\t<h2 class=\"elementor-heading-title elementor-size-default\">R\u00e9sidences :\u200b<\/h2>\t\t\t\t<\/div>\n\t\t\t\t<div class=\"elementor-element elementor-element-1ac937a5 elementor-widget elementor-widget-text-editor\" data-id=\"1ac937a5\" data-element_type=\"widget\" data-e-type=\"widget\" data-widget_type=\"text-editor.default\">\n\t\t\t\t\t\t\t\t\t<p>2017-2019 : Noyau de Recherche pour la Taille Directe, ABA Glaci\u00e8re R\u00e9alisation d\u2019une sculpture collective: \u201cTerre\u2026!\u201d<br \/>plac\u00e9e \u00e0 la halte pour les femmes sans abri \u00e0 l\u2019H\u00f4tel de Ville Paris<\/p>\n<p>\u00a0<\/p>\n<p>Juillet \u2013 Ao\u00fbt 2016 : R\u00e9sidence d\u2019artiste \u00e0 Shinano, Japon.<br \/>R\u00e9alisation d\u2019une sculpture plac\u00e9e dans le lac Kizako pour le Festival \u201cPrimitive Sense\u201d<\/p>\n<p>\u00a0<\/p>\n<p>Septembre \u2013 D\u00e9cembre 2012 : R\u00e9sidence d\u2019artiste de 3 mois \u00e0 Shodoshima, Japon. R\u00e9alisation d\u2019une sculpture monumentale plac\u00e9e sur le port de Shodoshima<\/p>\n<p><!-- \/wp:paragraph --><!-- wp:paragraph --><\/p>\n<p><!-- \/wp:paragraph --><\/p>\t\t\t\t\t\t\t\t<\/div>\n\t\t\t\t<div class=\"elementor-element elementor-element-3375774 elementor-widget elementor-widget-heading\" data-id=\"3375774\" data-element_type=\"widget\" data-e-type=\"widget\" data-widget_type=\"heading.default\">\n\t\t\t\t\t<h2 class=\"elementor-heading-title elementor-size-default\">Expositions :\u200b<\/h2>\t\t\t\t<\/div>\n\t\t\t\t<div class=\"elementor-element elementor-element-bdc26f3 elementor-widget elementor-widget-text-editor\" data-id=\"bdc26f3\" data-element_type=\"widget\" data-e-type=\"widget\" data-widget_type=\"text-editor.default\">\n\t\t\t\t\t\t\t\t\t<p>Janvier&nbsp;2023 :&nbsp;Le Hublot, Ivry sur Seine <br>Juin 2022, 2019, 2017 : Land art \u201cFestival des Murs \u00e0 P\u00eaches\u201d, Montreuil-sous-Bois<br>Mai 2022 : \u00ab&nbsp;Fils sculpt\u00e9s&nbsp;\u00bb l\u2019Imprimerie Art Center, Nemours <br>Janvier 2020 : Le Hublot, Ivry sur Seine <br>Octobre 2016 : \u201cAutour du Kimono\u201d La Coll\u00e9giale Saint-Andr\u00e9, Chartres <br>Juillet 2016 : \u201c8 Jeune Artistes\u201d La Tannerie, Houdan <br>Septembre \u2013Octobre 2015 : Galerie Artislong \u2013 artiste invit\u00e9e, Kyoto, Japon <br>Septembre 2015 : Hangar \u2013 Manufacture des \u0152illets, Ivry sur Seine <br>Novembre 2014 : Le Hublot, Ivry sur Seine<\/p>\t\t\t\t\t\t\t\t<\/div>\n\t\t\t\t<div class=\"elementor-element elementor-element-207e071 elementor-widget elementor-widget-heading\" data-id=\"207e071\" data-element_type=\"widget\" data-e-type=\"widget\" data-widget_type=\"heading.default\">\n\t\t\t\t\t<h2 class=\"elementor-heading-title elementor-size-default\">Expositions collectives :\u200b<\/h2>\t\t\t\t<\/div>\n\t\t\t\t<div class=\"elementor-element elementor-element-f34b79e elementor-widget elementor-widget-text-editor\" data-id=\"f34b79e\" data-element_type=\"widget\" data-e-type=\"widget\" data-widget_type=\"text-editor.default\">\n\t\t\t\t\t\t\t\t\t<p>Mai &#8211; Juin 2023 : \u00ab\u00a0Pas si B\u00eate\u00a0\u00bb. Espace Art et Libert\u00e9, Charenton, France<br>F\u00e9vrier 2023 : \u00ab\u00a0Tige fait le mur\u00a0\u00bb. Galerie \u00e9ph\u00e9m\u00e8re, Montreuil-sous-Bois, France<br>Septembre \u2013 Novembre 2021 : \u00ab\u00a0L\u2019animal en monument\u00a0\u00bb. \u00c9cole v\u00e9t\u00e9rinaire de Maisons-Alfort<br>Juillet 2021 \u2013 Janvier 2022 : \u201cMesure\/D\u00e9mesure\u201d. Exposition du Concours International de mini-textiles, Mus\u00e9e Jean Lur\u00e7at, Angers<br>Juillet \u2013 Ao\u00fbt 2019 : \u201cLe ch\u00eane en taille directe\u201d, Parc rives de Seine, Paris<br>Avril 2019 : La Tannerie, Houdan<br><span style=\"font-family: -apple-system, BlinkMacSystemFont, &quot;Segoe UI&quot;, Roboto, &quot;Helvetica Neue&quot;, Arial, &quot;Noto Sans&quot;, sans-serif, &quot;Apple Color Emoji&quot;, &quot;Segoe UI Emoji&quot;, &quot;Segoe UI Symbol&quot;, &quot;Noto Color Emoji&quot;; font-size: 1rem;\">Ao\u00fbt 2018 : Izura Gallery, Omachi, Japon.<br><\/span><span style=\"font-family: -apple-system, BlinkMacSystemFont, &quot;Segoe UI&quot;, Roboto, &quot;Helvetica Neue&quot;, Arial, &quot;Noto Sans&quot;, sans-serif, &quot;Apple Color Emoji&quot;, &quot;Segoe UI Emoji&quot;, &quot;Segoe UI Symbol&quot;, &quot;Noto Color Emoji&quot;; font-size: 1rem;\">Juin 2018 : \u201cManifestival\u201d, Montreuil-sous-Bois<br><\/span><span style=\"font-family: -apple-system, BlinkMacSystemFont, &quot;Segoe UI&quot;, Roboto, &quot;Helvetica Neue&quot;, Arial, &quot;Noto Sans&quot;, sans-serif, &quot;Apple Color Emoji&quot;, &quot;Segoe UI Emoji&quot;, &quot;Segoe UI Symbol&quot;, &quot;Noto Color Emoji&quot;; font-size: 1rem;\">Septembre 2017 : \u201cArtCit\u00e9\u201d, H\u00f4tel de Ville, Fontenay-sous-Bois<\/span><\/p>\t\t\t\t\t\t\t\t<\/div>\n\t\t\t\t\t<\/div>\n\t\t\t\t<\/div>\n\t\t\t\t<\/div>\n\t\t","protected":false},"excerpt":{"rendered":"<p>https:\/\/vimeo.com\/234303738?fl=pl&#038;fe=sh R\u00e9sidences :\u200b 2017-2019 : Noyau de Recherche pour la Taille Directe, ABA Glaci\u00e8re R\u00e9alisation d\u2019une sculpture collective: \u201cTerre\u2026!\u201dplac\u00e9e \u00e0 la halte pour les femmes sans abri \u00e0 l\u2019H\u00f4tel de Ville Paris \u00a0 Juillet \u2013 Ao\u00fbt 2016 : R\u00e9sidence d\u2019artiste \u00e0 Shinano, Japon.R\u00e9alisation d\u2019une sculpture plac\u00e9e dans le lac Kizako pour le Festival \u201cPrimitive Sense\u201d [&hellip;]<\/p>\n","protected":false},"author":1,"featured_media":0,"parent":0,"menu_order":0,"comment_status":"closed","ping_status":"closed","template":"","meta":{"advanced_seo_description":"","jetpack_seo_html_title":"","jetpack_seo_noindex":false,"footnotes":""},"class_list":["post-2","page","type-page","status-publish","hentry"],"jetpack_sharing_enabled":true,"_links":{"self":[{"href":"https:\/\/indramilo.com\/index.php\/wp-json\/wp\/v2\/pages\/2","targetHints":{"allow":["GET"]}}],"collection":[{"href":"https:\/\/indramilo.com\/index.php\/wp-json\/wp\/v2\/pages"}],"about":[{"href":"https:\/\/indramilo.com\/index.php\/wp-json\/wp\/v2\/types\/page"}],"author":[{"embeddable":true,"href":"https:\/\/indramilo.com\/index.php\/wp-json\/wp\/v2\/users\/1"}],"replies":[{"embeddable":true,"href":"https:\/\/indramilo.com\/index.php\/wp-json\/wp\/v2\/comments?post=2"}],"version-history":[{"count":25,"href":"https:\/\/indramilo.com\/index.php\/wp-json\/wp\/v2\/pages\/2\/revisions"}],"predecessor-version":[{"id":497,"href":"https:\/\/indramilo.com\/index.php\/wp-json\/wp\/v2\/pages\/2\/revisions\/497"}],"wp:attachment":[{"href":"https:\/\/indramilo.com\/index.php\/wp-json\/wp\/v2\/media?parent=2"}],"curies":[{"name":"wp","href":"https:\/\/api.w.org\/{rel}","templated":true}]}}